{"id":55,"date":"2026-02-08T15:14:31","date_gmt":"2026-02-08T14:14:31","guid":{"rendered":"https:\/\/lederquelle-r9uj48hyyp.live-website.com\/?page_id=55"},"modified":"2026-02-16T13:06:04","modified_gmt":"2026-02-16T12:06:04","slug":"aktuelle-arbeiten","status":"publish","type":"page","link":"https:\/\/lederquelle.de\/?page_id=55","title":{"rendered":"Beispiel Arbeiten"},"content":{"rendered":"\n\t\t\t<div class=\"wp-block-uagb-post-grid uagb-post-grid  uagb-post__image-position-top uagb-post__image-enabled uagb-block-6489d6ee     uagb-post__items uagb-post__columns-3 is-grid uagb-post__columns-tablet-2 uagb-post__columns-mobile-1 uagb-post__equal-height\" data-total=\"1\" style=\"\">\n\n\t\t\t\t\t\t\t\t\t\t\t\t<article class=\"uagb-post__inner-wrap\">\t\t\t\t\t\t\t\t<div class='uagb-post__image'>\n\t\t\t\t\t\t\t\t\t<a href=\"https:\/\/lederquelle.de\/?p=105\" target=\"_self\" rel=\"bookmark noopener noreferrer\" class='uagb-image-ratio-inherit'><img loading=\"lazy\" decoding=\"async\" width=\"768\" height=\"1024\" src=\"https:\/\/lederquelle.de\/wp-content\/uploads\/2026\/02\/IMG_20240229_174943-768x1024.jpg\" class=\"attachment-large size-large\" alt=\"\" srcset=\"https:\/\/lederquelle.de\/wp-content\/uploads\/2026\/02\/IMG_20240229_174943-768x1024.jpg 768w, https:\/\/lederquelle.de\/wp-content\/uploads\/2026\/02\/IMG_20240229_174943-225x300.jpg 225w, https:\/\/lederquelle.de\/wp-content\/uploads\/2026\/02\/IMG_20240229_174943-1152x1536.jpg 1152w, https:\/\/lederquelle.de\/wp-content\/uploads\/2026\/02\/IMG_20240229_174943-1536x2048.jpg 1536w, https:\/\/lederquelle.de\/wp-content\/uploads\/2026\/02\/IMG_20240229_174943-scaled.jpg 1920w\" sizes=\"auto, (max-width: 768px) 100vw, 768px\" \/>\t\t\t\t\t<\/a>\n\t\t\t\t\t\t\t<\/div>\n\t\t\t\t\t\t<h4 class=\"uagb-post__title uagb-post__text\">\n\t\t\t\t<a href=\"https:\/\/lederquelle.de\/?p=105\" target=\"_self\" rel=\"bookmark noopener noreferrer\">Rucks\u00e4cke<\/a>\n\t\t\t<\/h4>\n\t\t\t\t\t\t<div class='uagb-post__text uagb-post-grid-byline'>\n\t\t\t\t\t\t\t\t<time datetime=\"2026-02-15T15:11:48+01:00\" class=\"uagb-post__date\">\n\t\t\t\t<span class=\"dashicons-calendar dashicons\"><\/span>\t\t\t\t\t15. Februar 2026\t\t\t\t<\/time>\n\t\t\t\t\t\t\t<span class=\"uagb-post__comment\">\n\t\t\t\t<span class=\"dashicons-admin-comments dashicons\"><\/span>\t\t\t\t\tKeine Kommentare\t\t\t\t<\/span>\n\t\t\t\t\t\t<\/div>\n\t\t\t\t\t\t\t<div class='uagb-post__text uagb-post__excerpt'>\n\t\t\t\t\t<p>&#8222;Easy going&#8220; Rucks\u00e4cke aus Rindsleder in 3 Gr\u00f6\u00dfen, Leder auf Anfrage<\/p>\n\t\t\t\t<\/div>\n\t\t\t\t\t\t<div class=\"uagb-post__text uagb-post__cta wp-block-button\">\n\t\t\t\t<a class=\"wp-block-button__link uagb-text-link\" style=\"\" href=\"https:\/\/lederquelle.de\/?p=105\" target=\"_self\" rel=\"bookmark noopener noreferrer\">Weiterlesen<\/a>\n\t\t\t<\/div>\n\t\t\t\n\t\t\t\t\t\t\t\t\t<\/article>\n\t\t\t\t\t\t\t\t\t\t\t\t\t\t\t\t<article class=\"uagb-post__inner-wrap\">\t\t\t\t\t\t\t\t<div class='uagb-post__image'>\n\t\t\t\t\t\t\t\t\t<a href=\"https:\/\/lederquelle.de\/?p=97\" target=\"_self\" rel=\"bookmark noopener noreferrer\" class='uagb-image-ratio-inherit'><img loading=\"lazy\" decoding=\"async\" width=\"768\" height=\"1024\" src=\"https:\/\/lederquelle.de\/wp-content\/uploads\/2026\/02\/IMG_20240818_180306-768x1024.jpg\" class=\"attachment-large size-large\" alt=\"\" srcset=\"https:\/\/lederquelle.de\/wp-content\/uploads\/2026\/02\/IMG_20240818_180306-768x1024.jpg 768w, https:\/\/lederquelle.de\/wp-content\/uploads\/2026\/02\/IMG_20240818_180306-225x300.jpg 225w, https:\/\/lederquelle.de\/wp-content\/uploads\/2026\/02\/IMG_20240818_180306-1152x1536.jpg 1152w, https:\/\/lederquelle.de\/wp-content\/uploads\/2026\/02\/IMG_20240818_180306-1536x2048.jpg 1536w, https:\/\/lederquelle.de\/wp-content\/uploads\/2026\/02\/IMG_20240818_180306-scaled.jpg 1920w\" sizes=\"auto, (max-width: 768px) 100vw, 768px\" \/>\t\t\t\t\t<\/a>\n\t\t\t\t\t\t\t<\/div>\n\t\t\t\t\t\t<h4 class=\"uagb-post__title uagb-post__text\">\n\t\t\t\t<a href=\"https:\/\/lederquelle.de\/?p=97\" target=\"_self\" rel=\"bookmark noopener noreferrer\">Schn\u00fcrlederhose<\/a>\n\t\t\t<\/h4>\n\t\t\t\t\t\t<div class='uagb-post__text uagb-post-grid-byline'>\n\t\t\t\t\t\t\t\t<time datetime=\"2026-02-15T15:10:00+01:00\" class=\"uagb-post__date\">\n\t\t\t\t<span class=\"dashicons-calendar dashicons\"><\/span>\t\t\t\t\t15. Februar 2026\t\t\t\t<\/time>\n\t\t\t\t\t\t\t<span class=\"uagb-post__comment\">\n\t\t\t\t<span class=\"dashicons-admin-comments dashicons\"><\/span>\t\t\t\t\tKeine Kommentare\t\t\t\t<\/span>\n\t\t\t\t\t\t<\/div>\n\t\t\t\t\t\t\t<div class='uagb-post__text uagb-post__excerpt'>\n\t\t\t\t\t<p>Schn\u00fcrlederhose mit Sonderw\u00fcnschen m\u00f6glich. dav dav dav dav dav<\/p>\n\t\t\t\t<\/div>\n\t\t\t\t\t\t<div class=\"uagb-post__text uagb-post__cta wp-block-button\">\n\t\t\t\t<a class=\"wp-block-button__link uagb-text-link\" style=\"\" href=\"https:\/\/lederquelle.de\/?p=97\" target=\"_self\" rel=\"bookmark noopener noreferrer\">Weiterlesen<\/a>\n\t\t\t<\/div>\n\t\t\t\n\t\t\t\t\t\t\t\t\t<\/article>\n\t\t\t\t\t\t\t\t\t\t\t\t\t\t\t\t<article class=\"uagb-post__inner-wrap\">\t\t\t\t\t\t\t\t<div class='uagb-post__image'>\n\t\t\t\t\t\t\t\t\t<a href=\"https:\/\/lederquelle.de\/?p=89\" target=\"_self\" rel=\"bookmark noopener noreferrer\" class='uagb-image-ratio-inherit'><img loading=\"lazy\" decoding=\"async\" width=\"1024\" height=\"974\" src=\"https:\/\/lederquelle.de\/wp-content\/uploads\/2026\/02\/IMG_20241122_133449-1-scaled-e1771164471512-1024x974.jpg\" class=\"attachment-large size-large\" alt=\"\" srcset=\"https:\/\/lederquelle.de\/wp-content\/uploads\/2026\/02\/IMG_20241122_133449-1-scaled-e1771164471512-1024x974.jpg 1024w, https:\/\/lederquelle.de\/wp-content\/uploads\/2026\/02\/IMG_20241122_133449-1-scaled-e1771164471512-300x285.jpg 300w, https:\/\/lederquelle.de\/wp-content\/uploads\/2026\/02\/IMG_20241122_133449-1-scaled-e1771164471512-768x730.jpg 768w, https:\/\/lederquelle.de\/wp-content\/uploads\/2026\/02\/IMG_20241122_133449-1-scaled-e1771164471512-1536x1461.jpg 1536w, https:\/\/lederquelle.de\/wp-content\/uploads\/2026\/02\/IMG_20241122_133449-1-scaled-e1771164471512.jpg 1920w\" sizes=\"auto, (max-width: 1024px) 100vw, 1024px\" \/>\t\t\t\t\t<\/a>\n\t\t\t\t\t\t\t<\/div>\n\t\t\t\t\t\t<h4 class=\"uagb-post__title uagb-post__text\">\n\t\t\t\t<a href=\"https:\/\/lederquelle.de\/?p=89\" target=\"_self\" rel=\"bookmark noopener noreferrer\">Rindslederjacke<\/a>\n\t\t\t<\/h4>\n\t\t\t\t\t\t<div class='uagb-post__text uagb-post-grid-byline'>\n\t\t\t\t\t\t\t\t<time datetime=\"2026-02-15T15:07:56+01:00\" class=\"uagb-post__date\">\n\t\t\t\t<span class=\"dashicons-calendar dashicons\"><\/span>\t\t\t\t\t15. Februar 2026\t\t\t\t<\/time>\n\t\t\t\t\t\t\t<span class=\"uagb-post__comment\">\n\t\t\t\t<span class=\"dashicons-admin-comments dashicons\"><\/span>\t\t\t\t\tKeine Kommentare\t\t\t\t<\/span>\n\t\t\t\t\t\t<\/div>\n\t\t\t\t\t\t\t<div class='uagb-post__text uagb-post__excerpt'>\n\t\t\t\t\t<p>Rindslederjacken Anfertigung nach Wunsch und Vorbildjacke.<\/p>\n\t\t\t\t<\/div>\n\t\t\t\t\t\t<div class=\"uagb-post__text uagb-post__cta wp-block-button\">\n\t\t\t\t<a class=\"wp-block-button__link uagb-text-link\" style=\"\" href=\"https:\/\/lederquelle.de\/?p=89\" target=\"_self\" rel=\"bookmark noopener noreferrer\">Weiterlesen<\/a>\n\t\t\t<\/div>\n\t\t\t\n\t\t\t\t\t\t\t\t\t<\/article>\n\t\t\t\t\t\t\t\t\t\t\t\t\t\t\t\t<article class=\"uagb-post__inner-wrap\">\t\t\t\t\t\t\t\t<div class='uagb-post__image'>\n\t\t\t\t\t\t\t\t\t<a href=\"https:\/\/lederquelle.de\/?p=77\" target=\"_self\" rel=\"bookmark noopener noreferrer\" class='uagb-image-ratio-inherit'><img loading=\"lazy\" decoding=\"async\" width=\"1024\" height=\"750\" src=\"https:\/\/lederquelle.de\/wp-content\/uploads\/2026\/02\/IMG_20250118_010015-1-scaled-e1771164338580-1024x750.jpg\" class=\"attachment-large size-large\" alt=\"\" srcset=\"https:\/\/lederquelle.de\/wp-content\/uploads\/2026\/02\/IMG_20250118_010015-1-scaled-e1771164338580-1024x750.jpg 1024w, https:\/\/lederquelle.de\/wp-content\/uploads\/2026\/02\/IMG_20250118_010015-1-scaled-e1771164338580-300x220.jpg 300w, https:\/\/lederquelle.de\/wp-content\/uploads\/2026\/02\/IMG_20250118_010015-1-scaled-e1771164338580-768x562.jpg 768w, https:\/\/lederquelle.de\/wp-content\/uploads\/2026\/02\/IMG_20250118_010015-1-scaled-e1771164338580-1536x1124.jpg 1536w, https:\/\/lederquelle.de\/wp-content\/uploads\/2026\/02\/IMG_20250118_010015-1-scaled-e1771164338580.jpg 1918w\" sizes=\"auto, (max-width: 1024px) 100vw, 1024px\" \/>\t\t\t\t\t<\/a>\n\t\t\t\t\t\t\t<\/div>\n\t\t\t\t\t\t<h4 class=\"uagb-post__title uagb-post__text\">\n\t\t\t\t<a href=\"https:\/\/lederquelle.de\/?p=77\" target=\"_self\" rel=\"bookmark noopener noreferrer\">Lederjacke<\/a>\n\t\t\t<\/h4>\n\t\t\t\t\t\t<div class='uagb-post__text uagb-post-grid-byline'>\n\t\t\t\t\t\t\t\t<time datetime=\"2026-02-15T12:26:38+01:00\" class=\"uagb-post__date\">\n\t\t\t\t<span class=\"dashicons-calendar dashicons\"><\/span>\t\t\t\t\t15. Februar 2026\t\t\t\t<\/time>\n\t\t\t\t\t\t\t<span class=\"uagb-post__comment\">\n\t\t\t\t<span class=\"dashicons-admin-comments dashicons\"><\/span>\t\t\t\t\tKeine Kommentare\t\t\t\t<\/span>\n\t\t\t\t\t\t<\/div>\n\t\t\t\t\t\t\t<div class='uagb-post__text uagb-post__excerpt'>\n\t\t\t\t\t\t\t\t\t<\/div>\n\t\t\t\t\t\t<div class=\"uagb-post__text uagb-post__cta wp-block-button\">\n\t\t\t\t<a class=\"wp-block-button__link uagb-text-link\" style=\"\" href=\"https:\/\/lederquelle.de\/?p=77\" target=\"_self\" rel=\"bookmark noopener noreferrer\">Weiterlesen<\/a>\n\t\t\t<\/div>\n\t\t\t\n\t\t\t\t\t\t\t\t\t<\/article>\n\t\t\t\t\t\t\t\t\t\t\t\t\t\t\t\t<article class=\"uagb-post__inner-wrap\">\t\t\t\t\t\t\t\t<div class='uagb-post__image'>\n\t\t\t\t\t\t\t\t\t<a href=\"https:\/\/lederquelle.de\/?p=71\" target=\"_self\" rel=\"bookmark noopener noreferrer\" class='uagb-image-ratio-inherit'><img loading=\"lazy\" decoding=\"async\" width=\"1024\" height=\"767\" src=\"https:\/\/lederquelle.de\/wp-content\/uploads\/2026\/02\/IMG_20250212_111906-1-scaled-e1771164367936-1024x767.jpg\" class=\"attachment-large size-large\" alt=\"\" srcset=\"https:\/\/lederquelle.de\/wp-content\/uploads\/2026\/02\/IMG_20250212_111906-1-scaled-e1771164367936-1024x767.jpg 1024w, https:\/\/lederquelle.de\/wp-content\/uploads\/2026\/02\/IMG_20250212_111906-1-scaled-e1771164367936-300x225.jpg 300w, https:\/\/lederquelle.de\/wp-content\/uploads\/2026\/02\/IMG_20250212_111906-1-scaled-e1771164367936-768x575.jpg 768w, https:\/\/lederquelle.de\/wp-content\/uploads\/2026\/02\/IMG_20250212_111906-1-scaled-e1771164367936-1536x1150.jpg 1536w, https:\/\/lederquelle.de\/wp-content\/uploads\/2026\/02\/IMG_20250212_111906-1-scaled-e1771164367936.jpg 1920w\" sizes=\"auto, (max-width: 1024px) 100vw, 1024px\" \/>\t\t\t\t\t<\/a>\n\t\t\t\t\t\t\t<\/div>\n\t\t\t\t\t\t<h4 class=\"uagb-post__title uagb-post__text\">\n\t\t\t\t<a href=\"https:\/\/lederquelle.de\/?p=71\" target=\"_self\" rel=\"bookmark noopener noreferrer\">Handfesseln<\/a>\n\t\t\t<\/h4>\n\t\t\t\t\t\t<div class='uagb-post__text uagb-post-grid-byline'>\n\t\t\t\t\t\t\t\t<time datetime=\"2026-02-15T12:25:14+01:00\" class=\"uagb-post__date\">\n\t\t\t\t<span class=\"dashicons-calendar dashicons\"><\/span>\t\t\t\t\t15. Februar 2026\t\t\t\t<\/time>\n\t\t\t\t\t\t\t<span class=\"uagb-post__comment\">\n\t\t\t\t<span class=\"dashicons-admin-comments dashicons\"><\/span>\t\t\t\t\tKeine Kommentare\t\t\t\t<\/span>\n\t\t\t\t\t\t<\/div>\n\t\t\t\t\t\t\t<div class='uagb-post__text uagb-post__excerpt'>\n\t\t\t\t\t\t\t\t\t<\/div>\n\t\t\t\t\t\t<div class=\"uagb-post__text uagb-post__cta wp-block-button\">\n\t\t\t\t<a class=\"wp-block-button__link uagb-text-link\" style=\"\" href=\"https:\/\/lederquelle.de\/?p=71\" target=\"_self\" rel=\"bookmark noopener noreferrer\">Weiterlesen<\/a>\n\t\t\t<\/div>\n\t\t\t\n\t\t\t\t\t\t\t\t\t<\/article>\n\t\t\t\t\t\t\t\t\t\t\t\t\t\t\t\t<article class=\"uagb-post__inner-wrap\">\t\t\t\t\t\t\t\t<div class='uagb-post__image'>\n\t\t\t\t\t\t\t\t\t<a href=\"https:\/\/lederquelle.de\/?p=59\" target=\"_self\" rel=\"bookmark noopener noreferrer\" class='uagb-image-ratio-inherit'><img loading=\"lazy\" decoding=\"async\" width=\"1024\" height=\"795\" src=\"https:\/\/lederquelle.de\/wp-content\/uploads\/2026\/02\/20250919_145904-1-scaled-e1771164401732-1024x795.jpg\" class=\"attachment-large size-large\" alt=\"\" srcset=\"https:\/\/lederquelle.de\/wp-content\/uploads\/2026\/02\/20250919_145904-1-scaled-e1771164401732-1024x795.jpg 1024w, https:\/\/lederquelle.de\/wp-content\/uploads\/2026\/02\/20250919_145904-1-scaled-e1771164401732-300x233.jpg 300w, https:\/\/lederquelle.de\/wp-content\/uploads\/2026\/02\/20250919_145904-1-scaled-e1771164401732-768x596.jpg 768w, https:\/\/lederquelle.de\/wp-content\/uploads\/2026\/02\/20250919_145904-1-scaled-e1771164401732-1536x1192.jpg 1536w, https:\/\/lederquelle.de\/wp-content\/uploads\/2026\/02\/20250919_145904-1-scaled-e1771164401732.jpg 1920w\" sizes=\"auto, (max-width: 1024px) 100vw, 1024px\" \/>\t\t\t\t\t<\/a>\n\t\t\t\t\t\t\t<\/div>\n\t\t\t\t\t\t<h4 class=\"uagb-post__title uagb-post__text\">\n\t\t\t\t<a href=\"https:\/\/lederquelle.de\/?p=59\" target=\"_self\" rel=\"bookmark noopener noreferrer\">Kurze Lederhose<\/a>\n\t\t\t<\/h4>\n\t\t\t\t\t\t<div class='uagb-post__text uagb-post-grid-byline'>\n\t\t\t\t\t\t\t\t<time datetime=\"2026-02-15T12:21:25+01:00\" class=\"uagb-post__date\">\n\t\t\t\t<span class=\"dashicons-calendar dashicons\"><\/span>\t\t\t\t\t15. Februar 2026\t\t\t\t<\/time>\n\t\t\t\t\t\t\t<span class=\"uagb-post__comment\">\n\t\t\t\t<span class=\"dashicons-admin-comments dashicons\"><\/span>\t\t\t\t\tKeine Kommentare\t\t\t\t<\/span>\n\t\t\t\t\t\t<\/div>\n\t\t\t\t\t\t\t<div class='uagb-post__text uagb-post__excerpt'>\n\t\t\t\t\t<p>Nach Stoff Vorbild angefertigte kurze Hose aus braunem Rindsleder. Die Beinl\u00e4nge wird bei Abholung nach&#8230;\t\t\t\t<\/div>\n\t\t\t\t\t\t<div class=\"uagb-post__text uagb-post__cta wp-block-button\">\n\t\t\t\t<a class=\"wp-block-button__link uagb-text-link\" style=\"\" href=\"https:\/\/lederquelle.de\/?p=59\" target=\"_self\" rel=\"bookmark noopener noreferrer\">Weiterlesen<\/a>\n\t\t\t<\/div>\n\t\t\t\n\t\t\t\t\t\t\t\t\t<\/article>\n\t\t\t\t\t\t\t\t\t\t\t<\/div>\n\t\t\t","protected":false},"excerpt":{"rendered":"","protected":false},"author":1,"featured_media":0,"parent":0,"menu_order":0,"comment_status":"closed","ping_status":"closed","template":"","meta":{"_uag_custom_page_level_css":"","footnotes":""},"class_list":["post-55","page","type-page","status-publish","hentry"],"uagb_featured_image_src":{"full":false,"thumbnail":false,"medium":false,"medium_large":false,"large":false,"1536x1536":false,"2048x2048":false},"uagb_author_info":{"display_name":"lederquelle","author_link":"https:\/\/lederquelle.de\/?author=1"},"uagb_comment_info":0,"uagb_excerpt":null,"_links":{"self":[{"href":"https:\/\/lederquelle.de\/index.php?rest_route=\/wp\/v2\/pages\/55","targetHints":{"allow":["GET"]}}],"collection":[{"href":"https:\/\/lederquelle.de\/index.php?rest_route=\/wp\/v2\/pages"}],"about":[{"href":"https:\/\/lederquelle.de\/index.php?rest_route=\/wp\/v2\/types\/page"}],"author":[{"embeddable":true,"href":"https:\/\/lederquelle.de\/index.php?rest_route=\/wp\/v2\/users\/1"}],"replies":[{"embeddable":true,"href":"https:\/\/lederquelle.de\/index.php?rest_route=%2Fwp%2Fv2%2Fcomments&post=55"}],"version-history":[{"count":3,"href":"https:\/\/lederquelle.de\/index.php?rest_route=\/wp\/v2\/pages\/55\/revisions"}],"predecessor-version":[{"id":120,"href":"https:\/\/lederquelle.de\/index.php?rest_route=\/wp\/v2\/pages\/55\/revisions\/120"}],"wp:attachment":[{"href":"https:\/\/lederquelle.de\/index.php?rest_route=%2Fwp%2Fv2%2Fmedia&parent=55"}],"curies":[{"name":"wp","href":"https:\/\/api.w.org\/{rel}","templated":true}]}}